{"id":938,"date":"2022-11-12T21:20:52","date_gmt":"2022-11-12T20:20:52","guid":{"rendered":"https:\/\/infosec4you.net\/?page_id=938"},"modified":"2024-05-26T11:41:46","modified_gmt":"2024-05-26T09:41:46","slug":"938-2","status":"publish","type":"page","link":"https:\/\/infosec4you.net\/?page_id=938","title":{"rendered":"Cybermap"},"content":{"rendered":"<style>.kb-row-layout-wrap.wp-block-kadence-rowlayout.kb-row-layout-id938_f97ef6-8f{margin-top:-32px;margin-bottom:-32px;}.kb-row-layout-id938_f97ef6-8f > .kt-row-column-wrap{align-content:center;}:where(.kb-row-layout-id938_f97ef6-8f > .kt-row-column-wrap) > .wp-block-kadence-column{justify-content:center;}.kb-row-layout-id938_f97ef6-8f > .kt-row-column-wrap{column-gap:var(--global-kb-gap-md, 2rem);row-gap:var(--global-kb-gap-md, 2rem);padding-top:25px;padding-bottom:50px;grid-template-columns:minmax(0, 1fr);}.kb-row-layout-id938_f97ef6-8f{border-top-left-radius:0px;border-top-right-radius:0px;border-bottom-right-radius:0px;border-bottom-left-radius:0px;}.kb-row-layout-id938_f97ef6-8f{background-color:#000000;}.kb-row-layout-id938_f97ef6-8f > .kt-row-layout-overlay{opacity:0.30;}.kb-row-layout-id938_f97ef6-8f .kt-row-layout-bottom-sep{height:100px;}.kb-row-layout-id938_f97ef6-8f .kt-row-layout-bottom-sep svg{width:100%;}.kb-row-layout-id938_f97ef6-8f .kt-row-layout-bottom-sep svg{fill:#ffffff!important;}.kb-row-layout-id938_f97ef6-8f .kt-row-layout-top-sep{height:100px;}.kb-row-layout-id938_f97ef6-8f .kt-row-layout-top-sep svg{width:100%;}.kb-row-layout-id938_f97ef6-8f .kt-row-layout-top-sep svg{fill:#ffffff!important;}@media all and (max-width: 1024px){.kb-row-layout-id938_f97ef6-8f > .kt-row-column-wrap{grid-template-columns:minmax(0, 1fr);}}@media all and (max-width: 1024px){.kb-row-layout-id938_f97ef6-8f .kt-row-layout-bottom-sep{height:px;}}@media all and (max-width: 1024px){.kb-row-layout-id938_f97ef6-8f .kt-row-layout-bottom-sep svg{width:%;}}@media all and (max-width: 767px){.kb-row-layout-id938_f97ef6-8f > .kt-row-column-wrap{grid-template-columns:minmax(0, 1fr);}.kb-row-layout-id938_f97ef6-8f .kt-row-layout-bottom-sep{height:px;}.kb-row-layout-id938_f97ef6-8f .kt-row-layout-bottom-sep svg{width:%;}}<\/style><div class=\"kb-row-layout-wrap kb-row-layout-id938_f97ef6-8f alignfull kt-row-has-bg wp-block-kadence-rowlayout\"><div class=\"kt-row-column-wrap kt-has-1-columns kt-row-layout-equal kt-tab-layout-inherit kt-mobile-layout-row kt-row-valign-middle\">\n<style>.kadence-column938_928327-6f > .kt-inside-inner-col,.kadence-column938_928327-6f > .kt-inside-inner-col:before{border-top-left-radius:0px;border-top-right-radius:0px;border-bottom-right-radius:0px;border-bottom-left-radius:0px;}.kadence-column938_928327-6f > .kt-inside-inner-col{column-gap:var(--global-kb-gap-sm, 1rem);}.kadence-column938_928327-6f > .kt-inside-inner-col{flex-direction:column;}.kadence-column938_928327-6f > .kt-inside-inner-col > .aligncenter{width:100%;}.kadence-column938_928327-6f > .kt-inside-inner-col:before{opacity:0.3;}.kadence-column938_928327-6f{text-align:center;}.kadence-column938_928327-6f{position:relative;}@media all and (max-width: 1024px){.kadence-column938_928327-6f > .kt-inside-inner-col{flex-direction:column;justify-content:center;}}@media all and (max-width: 767px){.kadence-column938_928327-6f > .kt-inside-inner-col{flex-direction:column;justify-content:center;}}<\/style>\n<div class=\"wp-block-kadence-column kadence-column938_928327-6f inner-column-1\"><div class=\"kt-inside-inner-col\">\n<!-- Introduire cette balise o\u00f9 vous souhaitez que le widget soit pr\u00e9sent\u00e9  -->\n<iframe loading=\"lazy\" width=\"1024\" height=\"768\" src=\"https:\/\/cybermap.kaspersky.com\/fr\/widget\/dynamic\/dark\" frameborder=\"0\">\n<\/div><\/div>\n\n<\/div><\/div>","protected":false},"excerpt":{"rendered":"","protected":false},"author":1,"featured_media":0,"parent":0,"menu_order":0,"comment_status":"closed","ping_status":"closed","template":"","meta":{"_kad_post_transparent":"","_kad_post_title":"","_kad_post_layout":"fullwidth","_kad_post_sidebar_id":"","_kad_post_content_style":"","_kad_post_vertical_padding":"","_kad_post_feature":"","_kad_post_feature_position":"","_kad_post_header":false,"_kad_post_footer":true,"_kad_post_classname":"","footnotes":""},"class_list":["post-938","page","type-page","status-publish","hentry"],"_links":{"self":[{"href":"https:\/\/infosec4you.net\/index.php?rest_route=\/wp\/v2\/pages\/938","targetHints":{"allow":["GET"]}}],"collection":[{"href":"https:\/\/infosec4you.net\/index.php?rest_route=\/wp\/v2\/pages"}],"about":[{"href":"https:\/\/infosec4you.net\/index.php?rest_route=\/wp\/v2\/types\/page"}],"author":[{"embeddable":true,"href":"https:\/\/infosec4you.net\/index.php?rest_route=\/wp\/v2\/users\/1"}],"replies":[{"embeddable":true,"href":"https:\/\/infosec4you.net\/index.php?rest_route=%2Fwp%2Fv2%2Fcomments&post=938"}],"version-history":[{"count":53,"href":"https:\/\/infosec4you.net\/index.php?rest_route=\/wp\/v2\/pages\/938\/revisions"}],"predecessor-version":[{"id":1898,"href":"https:\/\/infosec4you.net\/index.php?rest_route=\/wp\/v2\/pages\/938\/revisions\/1898"}],"wp:attachment":[{"href":"https:\/\/infosec4you.net\/index.php?rest_route=%2Fwp%2Fv2%2Fmedia&parent=938"}],"curies":[{"name":"wp","href":"https:\/\/api.w.org\/{rel}","templated":true}]}}